{"id":1196,"date":"2018-06-01T10:21:36","date_gmt":"2018-06-01T10:21:36","guid":{"rendered":"http:\/\/www.arawakbeachresort.com\/mentions-legales\/"},"modified":"2019-05-20T08:40:10","modified_gmt":"2019-05-20T08:40:10","slug":"legal-mentions","status":"publish","type":"page","link":"https:\/\/www.arawakbeachresort.com\/en\/legal-mentions\/","title":{"rendered":"Legal mentions"},"content":{"rendered":"<p>[et_pb_section bb_built=&#8221;1&#8243; _builder_version=&#8221;3.4.1&#8243; use_background_color_gradient=&#8221;on&#8221; background_color_gradient_start=&#8221;rgba(255,255,255,0.7)&#8221; background_color_gradient_end=&#8221;rgba(255,255,255,0.7)&#8221; background_color_gradient_overlays_image=&#8221;on&#8221; background_image=&#8221;https:\/\/www.arawakbeachresort.com\/wp-content\/uploads\/2018\/05\/6533.png&#8221; custom_padding=&#8221;0px||0px|&#8221; next_background_color=&#8221;#ffffff&#8221;][et_pb_row _builder_version=&#8221;3.4.1&#8243; module_class=&#8221;title-responsive&#8221;][et_pb_column type=&#8221;4_4&#8243;][et_pb_text _builder_version=&#8221;3.4.1&#8243; header_font=&#8221;Muli|700||on|||||&#8221; header_text_align=&#8221;center&#8221; header_text_color=&#8221;#848484&#8243; header_font_size=&#8221;26px&#8221;]<\/p>\n<h1>Legal mentions | H\u00f4tel Arawak Beach Resort, Guadeloupe<\/h1>\n<p>[\/et_pb_text][\/et_pb_column][\/et_pb_row][\/et_pb_section][et_pb_section bb_built=&#8221;1&#8243; specialty=&#8221;off&#8221; prev_background_color=&#8221;#000000&#8243; next_background_color=&#8221;#000000&#8243; _builder_version=&#8221;3.4.1&#8243; custom_padding=&#8221;100px||100px|&#8221; custom_padding_tablet=&#8221;54px||54px|&#8221; custom_padding_last_edited=&#8221;on|phone&#8221;][et_pb_row _builder_version=&#8221;3.4.1&#8243; module_alignment=&#8221;center&#8221; custom_width_px=&#8221;1280px&#8221; use_custom_gutter=&#8221;on&#8221; gutter_width=&#8221;2&#8243; make_equal=&#8221;on&#8221; use_custom_width=&#8221;on&#8221; custom_width_percent=&#8221;90%&#8221;][et_pb_column type=&#8221;1_3&#8243;][et_pb_text _builder_version=&#8221;3.4.1&#8243; header_2_text_align=&#8221;left&#8221; text_font=&#8221;Noto Sans||||||||&#8221; text_text_color=&#8221;#848484&#8243; header_2_font=&#8221;Muli|600||||on|||&#8221; header_2_text_color=&#8221;#63b1b8&#8243; header_2_font_size=&#8221;30px&#8221;]<\/p>\n<h2>Owner :<\/h2>\n<p><b>Publication director :<\/b> Madame Catherine Cadrot<\/p>\n<p><b>T\u00e9l\u00e9phone | Phone number :<\/b>\u00a0+33(0)590\u00a0590 48 69 48<\/p>\n<p><b>Adresse | Address :<\/b>\u00a041 Pointe de la Verdure, 97190 Gosier, GUADELOUPE<\/p>\n<p><b>SIRET :<\/b>\u00a0N\u00b0\u00a0823\u00a0663\u00a0778 00012<\/p>\n<p><b>RCS :<\/b> Pointe-\u00e0-Pitre<\/p>\n<p><b><strong>Intracommunity VAT number<\/strong><\/b><\/p>\n<p><b>Legal form :<\/b> SAS<\/p>\n<p><b>Social capital :<\/b>\u00a020.000,00 Euros<\/p>\n<p>[\/et_pb_text][\/et_pb_column][et_pb_column type=&#8221;1_3&#8243;][et_pb_text _builder_version=&#8221;3.4.1&#8243; header_2_text_align=&#8221;left&#8221; text_font=&#8221;Noto Sans||||||||&#8221; text_text_color=&#8221;#848484&#8243; header_2_font=&#8221;Muli|600||||on|||&#8221; header_2_text_color=&#8221;#63b1b8&#8243; header_2_font_size=&#8221;30px&#8221;]<\/p>\n<h2 class=\"mentions-item-title\">Siteweb creation : Altelis<\/h2>\n<p><b>T\u00e9l\u00e9phone | Phone number :<\/b>&nbsp;+33(0)1 85 09 74 06<\/p>\n<p><b>Adresse | Address :<\/b> 37, rue Adam Ledoux 92400 Courbevoie &#8211; France<\/p>\n<p><b>SIRET :<\/b>&nbsp;N\u00b080164723100050<\/p>\n<p><b>RCS :<\/b>&nbsp;Paris B 801647231<\/p>\n<p><b><strong>Intracommunity VAT number<\/strong> :<\/b>&nbsp;FR44801647231<\/p>\n<p><b>Legal form :<\/b>&nbsp;Soci\u00e9t\u00e9 \u00e0 responsabilit\u00e9 limit\u00e9e<\/p>\n<p><b>Social capital :<\/b>&nbsp;100.000,00 Euros<\/p>\n<p>[\/et_pb_text][\/et_pb_column][et_pb_column type=&#8221;1_3&#8243;][et_pb_text _builder_version=&#8221;3.4.1&#8243; header_2_text_align=&#8221;left&#8221; text_font=&#8221;Noto Sans||||||||&#8221; text_text_color=&#8221;#848484&#8243; header_2_font=&#8221;Muli|600||||on|||&#8221; header_2_text_color=&#8221;#63b1b8&#8243; header_2_font_size=&#8221;30px&#8221;]<\/p>\n<h2 class=\"mentions-item-title\">H\u00e9bergement | Hosting : OVH<\/h2>\n<p><b>T\u00e9l\u00e9phone | Phone number :<\/b>\u00a0+33(0)8 99 70 17 61<\/p>\n<p><b>Adresse | Address :<\/b>\u00a02, rue Kellermann 59100 Roubaix \u2013 France<\/p>\n<p><b>SIRET :<\/b>\u00a0N\u00b042476141900045<\/p>\n<p><b>RCS :<\/b>\u00a0Lille Metropole B 424761419<\/p>\n<p><b><strong>Intracommunity VAT number<\/strong> :<\/b>\u00a0FR22424761419<\/p>\n<p><b>Legal form :<\/b>\u00a0Soci\u00e9t\u00e9 par actions simplifi\u00e9e<\/p>\n<p><b>Social capital :<\/b>\u00a010.000.000,00 Euros<\/p>\n<p>[\/et_pb_text][\/et_pb_column][\/et_pb_row][\/et_pb_section][et_pb_section bb_built=&#8221;1&#8243; module_class=&#8221;footer-desktop&#8221; _builder_version=&#8221;3.4.1&#8243; border_width_all=&#8221;2px&#8221; border_color_all=&#8221;#68b1b8&#8243; custom_padding=&#8221;0px||0px|&#8221; disabled=&#8221;off&#8221; disabled_on=&#8221;on|on|&#8221; prev_background_color=&#8221;#000000&#8243; next_background_color=&#8221;#000000&#8243; global_module=&#8221;1271&#8243;][et_pb_row global_parent=&#8221;1271&#8243; use_custom_width=&#8221;on&#8221; custom_width_px=&#8221;1280px&#8221; _builder_version=&#8221;3.4.1&#8243; custom_css_main_3=&#8221; height: 46px;|| display: flex;|| align-items: center;||justify-content: center;&#8221; custom_css_main_4=&#8221; height: 46px;|| display: flex;|| align-items: center;||justify-content: center;&#8221; custom_css_after_2=&#8221; height: 46px;|| display: flex;|| align-items: center;||justify-content: center;&#8221;][et_pb_column type=&#8221;1_4&#8243;][et_pb_image global_parent=&#8221;1271&#8243; src=&#8221;https:\/\/www.arawakbeachresort.com\/wp-content\/uploads\/2018\/06\/Logo-ARAWAK-test.png&#8221; url=&#8221;https:\/\/www.arawakbeachresort.com\/&#8221; align=&#8221;center&#8221; _builder_version=&#8221;3.4.1&#8243; custom_css_main_element=&#8221;width: 70%;&#8221;]<\/p>\n<p>\u00a0<\/p>\n<p>[\/et_pb_image][et_pb_image global_parent=&#8221;1271&#8243; _builder_version=&#8221;3.4.1&#8243; src=&#8221;https:\/\/www.arawakbeachresort.com\/wp-content\/uploads\/2019\/01\/Hertz-Logo-CMYK_Artboard1.png&#8221; url=&#8221;http:\/\/www.hertzantilles.com\/index.php?codepromo=arawak&#8221; url_new_window=&#8221;on&#8221; align=&#8221;center&#8221; custom_css_main_element=&#8221;width : 60%;&#8221; \/][\/et_pb_column][et_pb_column type=&#8221;1_4&#8243;][et_pb_text global_parent=&#8221;1271&#8243; _builder_version=&#8221;3.4.1&#8243; text_font=&#8221;Noto Sans||||||||&#8221; text_text_color=&#8221;#68b1b8&#8243; text_font_size=&#8221;12px&#8221;]<\/p>\n<p><img loading=\"lazy\" decoding=\"async\" class=\"alignnone wp-image-221\" src=\"https:\/\/www.arawakbeachresort.com\/wp-content\/uploads\/2018\/05\/placeholder-2.png\" alt=\"\" width=\"16\" height=\"16\" \/>\u00a0 41, rue des H\u00f4tels &#8211; Pointe de la Verdure &#8211; 97190 LE GOSIER<\/p>\n<p>[\/et_pb_text][\/et_pb_column][et_pb_column type=&#8221;1_4&#8243;][et_pb_text global_parent=&#8221;1271&#8243; _builder_version=&#8221;3.4.1&#8243; text_font=&#8221;Noto Sans||||||||&#8221; text_text_color=&#8221;#68b1b8&#8243; text_font_size=&#8221;12px&#8221; text_orientation=&#8221;center&#8221;]<\/p>\n<p><img loading=\"lazy\" decoding=\"async\" class=\"alignnone wp-image-223\" src=\"https:\/\/www.arawakbeachresort.com\/wp-content\/uploads\/2018\/05\/phone-call.png\" alt=\"\" width=\"16\" height=\"16\" \/>\u00a0 (+590) 590 48 69 48<\/p>\n<p>[\/et_pb_text][\/et_pb_column][et_pb_column type=&#8221;1_4&#8243;][et_pb_text global_parent=&#8221;1271&#8243; _builder_version=&#8221;3.4.1&#8243; text_font=&#8221;Noto Sans||||||||&#8221; text_text_color=&#8221;#68b1b8&#8243; text_font_size=&#8221;12px&#8221;]<\/p>\n<p><img loading=\"lazy\" decoding=\"async\" class=\"alignnone wp-image-222\" src=\"https:\/\/www.arawakbeachresort.com\/wp-content\/uploads\/2018\/05\/mail.png\" alt=\"\" width=\"16\" height=\"16\" \/>\u00a0 <a href=\"mailto:reception@arawakbeachresort.com\">\u00a0reception@arawakbeachresort.com<\/a><\/p>\n<p>[\/et_pb_text][\/et_pb_column][\/et_pb_row][\/et_pb_section][et_pb_section bb_built=&#8221;1&#8243; specialty=&#8221;off&#8221; _builder_version=&#8221;3.4.1&#8243; background_color=&#8221;#ffffff&#8221; custom_css_main_element=&#8221;display: flex;||justify-content: center;||align-items: center;||width: 100%;||height: 50px;||position: fixed;||bottom: 0;&#8221; disabled=&#8221;off&#8221; disabled_on=&#8221;||on&#8221; custom_padding=&#8221;0px||0px|&#8221; box_shadow_style=&#8221;preset1&#8243; box_shadow_blur=&#8221;12px&#8221; module_class=&#8221;footer-mobile&#8221; prev_background_color=&#8221;#000000&#8243; global_module=&#8221;1283&#8243;][et_pb_row global_parent=&#8221;1283&#8243; _builder_version=&#8221;3.4.1&#8243; custom_padding=&#8221;0px||0px|&#8221; use_custom_width=&#8221;on&#8221; width_unit=&#8221;off&#8221; custom_width_percent=&#8221;90%&#8221;][et_pb_column type=&#8221;1_2&#8243;][et_pb_text admin_label=&#8221;footer mobile&#8221; global_parent=&#8221;1283&#8243; _builder_version=&#8221;3.4.1&#8243;]<\/p>\n<p><a href=\"callto:(+590) 590 48 69 48\"><img loading=\"lazy\" decoding=\"async\" class=\"alignnone wp-image-223\" src=\"https:\/\/www.arawakbeachresort.com\/wp-content\/uploads\/2018\/05\/phone-call.png\" alt=\"\" width=\"25\" height=\"25\" \/><\/a>\u00a0 \u00a0\u00a0<a href=\"mailto:contact@arawakbeachresort.com\"><img loading=\"lazy\" decoding=\"async\" class=\"alignnone wp-image-222\" src=\"https:\/\/www.arawakbeachresort.com\/wp-content\/uploads\/2018\/05\/mail.png\" alt=\"\" width=\"25\" height=\"25\" \/><\/a>\u00a0 \u00a0\u00a0<a href=\"\/en\/contact-access\"><img loading=\"lazy\" decoding=\"async\" class=\"alignnone wp-image-221\" src=\"https:\/\/www.arawakbeachresort.com\/wp-content\/uploads\/2018\/05\/placeholder-2.png\" alt=\"\" width=\"25\" height=\"25\" \/><\/a>\u00a0<\/p>\n<p>[\/et_pb_text][\/et_pb_column][et_pb_column type=&#8221;1_2&#8243;][\/et_pb_column][\/et_pb_row][\/et_pb_section]<\/p>\n","protected":false},"excerpt":{"rendered":"<p>[et_pb_section bb_built=&#8221;1&#8243; _builder_version=&#8221;3.4.1&#8243; use_background_color_gradient=&#8221;on&#8221; background_color_gradient_start=&#8221;rgba(255,255,255,0.7)&#8221; background_color_gradient_end=&#8221;rgba(255,255,255,0.7)&#8221; background_color_gradient_overlays_image=&#8221;on&#8221; background_image=&#8221;https:\/\/www.arawakbeachresort.com\/wp-content\/uploads\/2018\/05\/6533.png&#8221; custom_padding=&#8221;0px||0px|&#8221; next_background_color=&#8221;#ffffff&#8221;][et_pb_row _builder_version=&#8221;3.4.1&#8243; module_class=&#8221;title-responsive&#8221;][et_pb_column type=&#8221;4_4&#8243;][et_pb_text _builder_version=&#8221;3.4.1&#8243; header_font=&#8221;Muli|700||on|||||&#8221; header_text_align=&#8221;center&#8221; header_text_color=&#8221;#848484&#8243; header_font_size=&#8221;26px&#8221;] Legal mentions | H\u00f4tel Arawak Beach Resort, Guadeloupe [\/et_pb_text][\/et_pb_column][\/et_pb_row][\/et_pb_section][et_pb_section bb_built=&#8221;1&#8243; specialty=&#8221;off&#8221; prev_background_color=&#8221;#000000&#8243; next_background_color=&#8221;#000000&#8243; _builder_version=&#8221;3.4.1&#8243; custom_padding=&#8221;100px||100px|&#8221; custom_padding_tablet=&#8221;54px||54px|&#8221; custom_padding_last_edited=&#8221;on|phone&#8221;][et_pb_row _builder_version=&#8221;3.4.1&#8243; module_alignment=&#8221;center&#8221; custom_width_px=&#8221;1280px&#8221; use_custom_gutter=&#8221;on&#8221; gutter_width=&#8221;2&#8243; make_equal=&#8221;on&#8221; use_custom_width=&#8221;on&#8221; custom_width_percent=&#8221;90%&#8221;][et_pb_column type=&#8221;1_3&#8243;][et_pb_text _builder_version=&#8221;3.4.1&#8243; header_2_text_align=&#8221;left&#8221; text_font=&#8221;Noto Sans||||||||&#8221; text_text_color=&#8221;#848484&#8243; header_2_font=&#8221;Muli|600||||on|||&#8221; header_2_text_color=&#8221;#63b1b8&#8243; header_2_font_size=&#8221;30px&#8221;] Owner : Publication [&hellip;]<\/p>\n","protected":false},"author":1,"featured_media":0,"parent":0,"menu_order":0,"comment_status":"closed","ping_status":"closed","template":"","meta":{"_et_pb_use_builder":"on","_et_pb_old_content":"","_et_gb_content_width":"","footnotes":""},"class_list":["post-1196","page","type-page","status-publish","hentry"],"_links":{"self":[{"href":"https:\/\/www.arawakbeachresort.com\/en\/wp-json\/wp\/v2\/pages\/1196","targetHints":{"allow":["GET"]}}],"collection":[{"href":"https:\/\/www.arawakbeachresort.com\/en\/wp-json\/wp\/v2\/pages"}],"about":[{"href":"https:\/\/www.arawakbeachresort.com\/en\/wp-json\/wp\/v2\/types\/page"}],"author":[{"embeddable":true,"href":"https:\/\/www.arawakbeachresort.com\/en\/wp-json\/wp\/v2\/users\/1"}],"replies":[{"embeddable":true,"href":"https:\/\/www.arawakbeachresort.com\/en\/wp-json\/wp\/v2\/comments?post=1196"}],"version-history":[{"count":6,"href":"https:\/\/www.arawakbeachresort.com\/en\/wp-json\/wp\/v2\/pages\/1196\/revisions"}],"predecessor-version":[{"id":1642,"href":"https:\/\/www.arawakbeachresort.com\/en\/wp-json\/wp\/v2\/pages\/1196\/revisions\/1642"}],"wp:attachment":[{"href":"https:\/\/www.arawakbeachresort.com\/en\/wp-json\/wp\/v2\/media?parent=1196"}],"curies":[{"name":"wp","href":"https:\/\/api.w.org\/{rel}","templated":true}]}}